{"id":8914,"date":"2023-12-17T18:36:20","date_gmt":"2023-12-17T16:36:20","guid":{"rendered":"https:\/\/stylettacoach.com\/?page_id=8914"},"modified":"2025-01-14T19:10:57","modified_gmt":"2025-01-14T17:10:57","slug":"media-coverage","status":"publish","type":"page","link":"https:\/\/stylettacoach.com\/en\/media-coverage\/","title":{"rendered":"Media Coverage"},"content":{"rendered":"<div class=\"wpb-content-wrapper\"><p>[vc_row][vc_column][vc_column_text]<div\n        class=\"nooz-view nooz-view--nooz_mixed\"\n    data-paged=\"1\"\n    data-max-num-pages=\"1\">\n    <div class=\"nooz-view__body     nooz-wrapper nooz-posts__wrapper\">\n                <div class=\"nooz-taxonomies\">\n    <div class=\"nooz-taxonomy nooz-taxonomy--post-types\">\n        <h3 class=\"nooz-taxonomy__title\">Post Types<\/h3>\n        <ul class=\"nooz-taxonomy__terms\">\n                                            <li class=\"nooz-taxonomy__term nooz-taxonomy__term--nooz_mixed active\">\n                    <a class=\"nooz-taxonomy__term-link\" href=\"\/en\/media-coverage\/\" target=\"\">\n                        <span class=\"nooz-taxonomy__term-link-text\">Latest<\/span>\n                    <\/a>\n                <\/li>\n                                            <li class=\"nooz-taxonomy__term nooz-taxonomy__term--nooz_release\">\n                    <a class=\"nooz-taxonomy__term-link\" href=\"\/en\/media-coverage\/category\/press-releases\/\" target=\"\">\n                        <span class=\"nooz-taxonomy__term-link-text\">Press Releases<\/span>\n                    <\/a>\n                <\/li>\n                                            <li class=\"nooz-taxonomy__term nooz-taxonomy__term--nooz_coverage\">\n                    <a class=\"nooz-taxonomy__term-link\" href=\"\/en\/media-coverage\/category\/press-coverage\/\" target=\"\">\n                        <span class=\"nooz-taxonomy__term-link-text\">Press Coverage<\/span>\n                    <\/a>\n                <\/li>\n                    <\/ul>\n    <\/div>\n<\/div>\n            <div class=\"nooz-posts nooz-posts--nooz_mixed\">\n                    <div id=\"nooz-post-9197\" class=\"nooz-post nooz-post--nooz_coverage has-preview has-excerpt has-datetime has-action\" data-nooz-href=\"https:\/\/www.facebook.com\/Hkayet.nesa\/videos\/907012449995727\/\" data-nooz-target=\"_blank\">\n    <a class=\"nooz-post__link\" href=\"https:\/\/www.facebook.com\/Hkayet.nesa\/videos\/907012449995727\/\" target=\"_blank\">\n            <div class=\"nooz-post__preview\">\n        <div class=\"nooz-post__preview-background\" style=\"background-image: url(https:\/\/stylettacoach.com\/wp-content\/uploads\/2022\/02\/telvza-tv-partie-2.jpg)\">\n            <img decoding=\"async\" class=\"nooz-post__preview-image\" src=\"https:\/\/stylettacoach.com\/wp-content\/uploads\/2022\/02\/telvza-tv-partie-2.jpg\" alt=\"First episode of the TV show &#8220;Hkeyet Ns\u00e9&#8221; on Telvza TV &#8211; part 2\">\n        <\/div>\n    <\/div>\n        <div class=\"nooz-post__body\">\n                <div class=\"nooz-post__source\">\n        <span class=\"nooz-post__source-text\">Telvza TV<\/span>\n    <\/div>\n                            <div class=\"nooz-post__title\">\n        <h3 class=\"nooz-post__heading\">First episode of the TV show &#8220;Hkeyet Ns\u00e9&#8221; on Telvza TV &#8211; part 2<\/h3>\n    <\/div>\n                <div class=\"nooz-post__datetime\">\n        <time class=\"nooz-post__datetime-text\" datetime=\"2022-02-24T17:35:28+00:00\">Feb 24, 2022<\/time>\n    <\/div>\n                <div class=\"nooz-post__excerpt\">\n        <div class=\"nooz-post__excerpt-text\">In part 2, we selected a young woman on set to determine her body shape and provide personalized advice.<\/div>\n    <\/div>\n        <\/div>\n            <div class=\"nooz-post__action\">\n        <span class=\"nooz-post__action-button nooz-post__action-text\">Read More<\/span>\n    <\/div>\n    <\/a>\n    <script>(function($){\n        var el = $('#nooz-post-9197');\n        if ($('.nooz-post__datetime:hidden', el).length) el.removeClass('has-datetime');\n    })(jQuery);<\/script>\n<\/div>\n                    <div id=\"nooz-post-9200\" class=\"nooz-post nooz-post--nooz_coverage has-preview has-excerpt has-datetime has-action\" data-nooz-href=\"https:\/\/www.facebook.com\/Hkayet.nesa\/videos\/467874558213113\" data-nooz-target=\"_blank\">\n    <a class=\"nooz-post__link\" href=\"https:\/\/www.facebook.com\/Hkayet.nesa\/videos\/467874558213113\" target=\"_blank\">\n            <div class=\"nooz-post__preview\">\n        <div class=\"nooz-post__preview-background\" style=\"background-image: url(https:\/\/stylettacoach.com\/wp-content\/uploads\/2022\/02\/telvza-tv-partie-1.jpg)\">\n            <img decoding=\"async\" class=\"nooz-post__preview-image\" src=\"https:\/\/stylettacoach.com\/wp-content\/uploads\/2022\/02\/telvza-tv-partie-1.jpg\" alt=\"First episode of the TV show &#8220;Hkeyet Ns\u00e9&#8221; on Telvza TV &#8211; Part 1\">\n        <\/div>\n    <\/div>\n        <div class=\"nooz-post__body\">\n                <div class=\"nooz-post__source\">\n        <span class=\"nooz-post__source-text\">Telvza TV<\/span>\n    <\/div>\n                            <div class=\"nooz-post__title\">\n        <h3 class=\"nooz-post__heading\">First episode of the TV show &#8220;Hkeyet Ns\u00e9&#8221; on Telvza TV &#8211; Part 1<\/h3>\n    <\/div>\n                <div class=\"nooz-post__datetime\">\n        <time class=\"nooz-post__datetime-text\" datetime=\"2022-02-24T17:29:38+00:00\">Feb 24, 2022<\/time>\n    <\/div>\n                <div class=\"nooz-post__excerpt\">\n        <div class=\"nooz-post__excerpt-text\">In this first episode, our stylist and image consultant EMNA HUSSEIN talks to you about the profession of an image consultant!<\/div>\n    <\/div>\n        <\/div>\n            <div class=\"nooz-post__action\">\n        <span class=\"nooz-post__action-button nooz-post__action-text\">Read More<\/span>\n    <\/div>\n    <\/a>\n    <script>(function($){\n        var el = $('#nooz-post-9200');\n        if ($('.nooz-post__datetime:hidden', el).length) el.removeClass('has-datetime');\n    })(jQuery);<\/script>\n<\/div>\n                    <div id=\"nooz-post-9204\" class=\"nooz-post nooz-post--nooz_coverage has-preview has-excerpt has-datetime has-action\" data-nooz-href=\"https:\/\/www.nxtbook.fr\/newpress\/Dauphine_Alumni\/Dauphinews-2107-05\/index.php#\/p\/30\" data-nooz-target=\"_blank\">\n    <a class=\"nooz-post__link\" href=\"https:\/\/www.nxtbook.fr\/newpress\/Dauphine_Alumni\/Dauphinews-2107-05\/index.php#\/p\/30\" target=\"_blank\">\n            <div class=\"nooz-post__preview\">\n        <div class=\"nooz-post__preview-background\" style=\"background-image: url(https:\/\/stylettacoach.com\/wp-content\/uploads\/2021\/12\/template-HP-3-1.jpg)\">\n            <img decoding=\"async\" class=\"nooz-post__preview-image\" src=\"https:\/\/stylettacoach.com\/wp-content\/uploads\/2021\/12\/template-HP-3-1.jpg\" alt=\"Entrepreneurs in AFRICA\">\n        <\/div>\n    <\/div>\n        <div class=\"nooz-post__body\">\n                <div class=\"nooz-post__source\">\n        <span class=\"nooz-post__source-text\">Paris Dauphine<\/span>\n    <\/div>\n                            <div class=\"nooz-post__title\">\n        <h3 class=\"nooz-post__heading\">Entrepreneurs in AFRICA<\/h3>\n    <\/div>\n                <div class=\"nooz-post__datetime\">\n        <time class=\"nooz-post__datetime-text\" datetime=\"2021-12-21T12:49:29+00:00\">Dec 21, 2021<\/time>\n    <\/div>\n                <div class=\"nooz-post__excerpt\">\n        <div class=\"nooz-post__excerpt-text\">Qu'ils soient originaires ou non du continent africain, de nombreux Dauphinois traversent la M\u00e9diterran\u00e9e pour cr\u00e9er leur soci\u00e9t\u00e9, du Maghreb \u00e0 l'Afrique du Sud. <\/div>\n    <\/div>\n        <\/div>\n            <div class=\"nooz-post__action\">\n        <span class=\"nooz-post__action-button nooz-post__action-text\">Read More<\/span>\n    <\/div>\n    <\/a>\n    <script>(function($){\n        var el = $('#nooz-post-9204');\n        if ($('.nooz-post__datetime:hidden', el).length) el.removeClass('has-datetime');\n    })(jQuery);<\/script>\n<\/div>\n                    <div id=\"nooz-post-9208\" class=\"nooz-post nooz-post--nooz_coverage has-preview has-excerpt has-datetime has-action\" data-nooz-href=\"https:\/\/carthagemagazine.com\/know-your-industry-interview-with-stylist-emna-hussein\/\" data-nooz-target=\"_blank\">\n    <a class=\"nooz-post__link\" href=\"https:\/\/carthagemagazine.com\/know-your-industry-interview-with-stylist-emna-hussein\/\" target=\"_blank\">\n            <div class=\"nooz-post__preview\">\n        <div class=\"nooz-post__preview-background\" style=\"background-image: url(https:\/\/stylettacoach.com\/wp-content\/uploads\/2020\/10\/template-marque-2.jpg)\">\n            <img decoding=\"async\" class=\"nooz-post__preview-image\" src=\"https:\/\/stylettacoach.com\/wp-content\/uploads\/2020\/10\/template-marque-2.jpg\" alt=\"Carthage Magazine\">\n        <\/div>\n    <\/div>\n        <div class=\"nooz-post__body\">\n                <div class=\"nooz-post__source\">\n        <span class=\"nooz-post__source-text\">Carthage Magazine<\/span>\n    <\/div>\n                            <div class=\"nooz-post__title\">\n        <h3 class=\"nooz-post__heading\">Carthage Magazine<\/h3>\n    <\/div>\n                <div class=\"nooz-post__datetime\">\n        <time class=\"nooz-post__datetime-text\" datetime=\"2020-10-13T17:44:26+00:00\">Oct 13, 2020<\/time>\n    <\/div>\n                <div class=\"nooz-post__excerpt\">\n        <div class=\"nooz-post__excerpt-text\">Interview with Stylist Emna Hussein<\/div>\n    <\/div>\n        <\/div>\n            <div class=\"nooz-post__action\">\n        <span class=\"nooz-post__action-button nooz-post__action-text\">Read More<\/span>\n    <\/div>\n    <\/a>\n    <script>(function($){\n        var el = $('#nooz-post-9208');\n        if ($('.nooz-post__datetime:hidden', el).length) el.removeClass('has-datetime');\n    })(jQuery);<\/script>\n<\/div>\n            <\/div>\n            <\/div>\n<\/div>\n[\/vc_column_text][\/vc_column][\/vc_row]<\/p>\r\n\r\n<p>&nbsp;<\/p>\r\n<\/div>","protected":false},"excerpt":{"rendered":"<p>[vc_row][vc_column][vc_column_text][\/vc_column_text][\/vc_column][\/vc_row] &nbsp;<\/p>\n","protected":false},"author":990002,"featured_media":0,"parent":0,"menu_order":0,"comment_status":"closed","ping_status":"closed","template":"","meta":{"_uf_show_specific_survey":0,"_uf_disable_surveys":false,"slim_seo":{"title":"Carthage Magazine - Styletta by Emna Hussein","description":"Interview with Stylist Emna Hussein"},"footnotes":""},"class_list":["post-8914","page","type-page","status-publish","hentry"],"_links":{"self":[{"href":"https:\/\/stylettacoach.com\/en\/wp-json\/wp\/v2\/pages\/8914","targetHints":{"allow":["GET"]}}],"collection":[{"href":"https:\/\/stylettacoach.com\/en\/wp-json\/wp\/v2\/pages"}],"about":[{"href":"https:\/\/stylettacoach.com\/en\/wp-json\/wp\/v2\/types\/page"}],"author":[{"embeddable":true,"href":"https:\/\/stylettacoach.com\/en\/wp-json\/wp\/v2\/users\/990002"}],"replies":[{"embeddable":true,"href":"https:\/\/stylettacoach.com\/en\/wp-json\/wp\/v2\/comments?post=8914"}],"version-history":[{"count":2,"href":"https:\/\/stylettacoach.com\/en\/wp-json\/wp\/v2\/pages\/8914\/revisions"}],"predecessor-version":[{"id":8916,"href":"https:\/\/stylettacoach.com\/en\/wp-json\/wp\/v2\/pages\/8914\/revisions\/8916"}],"wp:attachment":[{"href":"https:\/\/stylettacoach.com\/en\/wp-json\/wp\/v2\/media?parent=8914"}],"curies":[{"name":"wp","href":"https:\/\/api.w.org\/{rel}","templated":true}]}}